{"id":39698,"date":"2024-06-19T15:43:13","date_gmt":"2024-06-19T13:43:13","guid":{"rendered":"https:\/\/www.vanessa-tugendhaft.com\/?post_type=product&#038;p=39698"},"modified":"2026-03-05T21:43:58","modified_gmt":"2026-03-05T20:43:58","slug":"collier-en-or-et-diamants-parure","status":"publish","type":"product","link":"https:\/\/www.vanessa-tugendhaft.com\/en\/produit\/collier-en-or-et-diamants-parure\/","title":{"rendered":"Necklace gold and diamonds &#8211; PARURE"},"content":{"rendered":"<p>Collier Parure, 750\/1000e, diamants HSI<br \/>\nPoids or : 3.1gr<br \/>\nPoids diamants : 0,34ct<br \/>\nLongueur ajustable \u00e0 l&#8217;aide de 3 anneaux d&#8217;accroche: 40cm,41cm,42cm<br \/>\nR\u00e9f\u00e9rence : PARURE<\/p>\n<p>Tous nos bijoux sont accompagn\u00e9s de leur <strong>certificat d&#8217;authenticit\u00e9<\/strong> et de leur <strong>bon de garantie<\/strong>. Chaque bijou est d\u00e9licatement gliss\u00e9 dans son \u00e9crin Vanessa Tugendhaft Joaillerie.<\/p>\n","protected":false},"excerpt":{"rendered":"Collier en or rose et diamants aux motifs \u00e9pur\u00e9s et \u00e9l\u00e9gants.\r\n\r\nCe bijou de style contemporain symbolise un lien fort et unique.\r\n\r\nCe collier se compose d&#8217;une fine cha\u00eene et de plusieurs motifs en or rose pav\u00e9s de diamants.\r\n\r\nIl fait partie de la nouvelle collection <strong>&#8220;C\u00e9leste&#8221;<\/strong>.\r\n\r\nInspir\u00e9s par les maillons d&#8217;une cha\u00eene, les bijoux de la collection &#8220;C\u00e9leste&#8221; arborent une forme rectangulaire aux angles arrondis, qui refl\u00e8te les liens qui nous unissent.\r\n\r\nCes maillons, orn\u00e9s de diamants, symbolisent les relations fortes qui perdurent \u00e9voquant ainsi \u00e0 la fois l&#8217;id\u00e9e de continuit\u00e9 et d&#8217;unit\u00e9.\r\n\r\nLe rectangle, avec ses c\u00f4t\u00e9s \u00e9gaux, repr\u00e9sente la stabilit\u00e9 et la fondation solide. Dans cette collection, les c\u00f4t\u00e9s qui sont adoucis par des angles aux courbes d\u00e9licates, expriment la flexibilit\u00e9 et la douceur n\u00e9cessaires \u00e0 la cr\u00e9ation de liens v\u00e9ritables.\r\n\r\nCette pi\u00e8ce de joaillerie r\u00e9solument moderne se porte au quotidien.","protected":false},"featured_media":39695,"comment_status":"closed","ping_status":"closed","template":"","meta":{"_acf_changed":false},"product_brand":[],"product_cat":[306,292,304,653,531],"product_tag":[],"class_list":{"0":"post-39698","1":"product","2":"type-product","3":"status-publish","4":"has-post-thumbnail","6":"product_cat-collection-2","7":"product_cat-jewelry","8":"product_cat-necklaces","9":"product_cat-celeste-en","10":"product_cat-news","11":"pa_quelle-matiere-pink-gold-750-1000","12":"pa_quelle-matiere-white-gold-750-1000","13":"pa_quelle-matiere-yellow-gold-750-1000","15":"first","16":"onbackorder","17":"taxable","18":"shipping-taxable","19":"purchasable","20":"product-type-variable","21":"wvs-archive-product-wrapper"},"acf":[],"_links":{"self":[{"href":"https:\/\/www.vanessa-tugendhaft.com\/en\/wp-json\/wp\/v2\/product\/39698","targetHints":{"allow":["GET"]}}],"collection":[{"href":"https:\/\/www.vanessa-tugendhaft.com\/en\/wp-json\/wp\/v2\/product"}],"about":[{"href":"https:\/\/www.vanessa-tugendhaft.com\/en\/wp-json\/wp\/v2\/types\/product"}],"replies":[{"embeddable":true,"href":"https:\/\/www.vanessa-tugendhaft.com\/en\/wp-json\/wp\/v2\/comments?post=39698"}],"wp:featuredmedia":[{"embeddable":true,"href":"https:\/\/www.vanessa-tugendhaft.com\/en\/wp-json\/wp\/v2\/media\/39695"}],"wp:attachment":[{"href":"https:\/\/www.vanessa-tugendhaft.com\/en\/wp-json\/wp\/v2\/media?parent=39698"}],"wp:term":[{"taxonomy":"product_brand","embeddable":true,"href":"https:\/\/www.vanessa-tugendhaft.com\/en\/wp-json\/wp\/v2\/product_brand?post=39698"},{"taxonomy":"product_cat","embeddable":true,"href":"https:\/\/www.vanessa-tugendhaft.com\/en\/wp-json\/wp\/v2\/product_cat?post=39698"},{"taxonomy":"product_tag","embeddable":true,"href":"https:\/\/www.vanessa-tugendhaft.com\/en\/wp-json\/wp\/v2\/product_tag?post=39698"}],"curies":[{"name":"wp","href":"https:\/\/api.w.org\/{rel}","templated":true}]}}