{"id":39682,"date":"2024-06-19T15:43:28","date_gmt":"2024-06-19T13:43:28","guid":{"rendered":"https:\/\/www.vanessa-tugendhaft.com\/?post_type=product&#038;p=39682"},"modified":"2024-10-02T10:52:51","modified_gmt":"2024-10-02T08:52:51","slug":"bracelet-en-or-et-diamants-petit-modele-celeste","status":"publish","type":"product","link":"https:\/\/www.vanessa-tugendhaft.com\/en\/produit\/bracelet-en-or-et-diamants-petit-modele-celeste\/","title":{"rendered":"Bracelet gold and diamond small model &#8211; C\u00c9LESTE"},"content":{"rendered":"<p>Bracelet C\u00e9leste petit mod\u00e8le, 750\/1000e, diamants HSI<br \/>\nPoids or : 1.44gr<br \/>\nPoids diamants : 0,07ct<br \/>\nLongueur du motif : 0,8cm<br \/>\nLargeur du motif : 0,4cm<br \/>\nLongueur ajustable \u00e0 l&#8217;aide de 3 anneaux d&#8217;accroche: 15.5cm,16.5cm,17.5cm<br \/>\nR\u00e9f\u00e9rence : CELESTE<\/p>\n<p>Tous nos bijoux sont accompagn\u00e9s de leur <strong>certificat d&#8217;authenticit\u00e9<\/strong> et de leur <strong>bon de garantie<\/strong>. Chaque bijou est d\u00e9licatement gliss\u00e9 dans son \u00e9crin Vanessa Tugendhaft Joaillerie.<\/p>\n","protected":false},"excerpt":{"rendered":"Bracelet en or rose et diamants au motif \u00e9pur\u00e9 et \u00e9l\u00e9gant.\r\n\r\nCe bijou de style contemporain symbolise un lien fort et unique.\r\n\r\nCe bracelet se compose d&#8217;une fine cha\u00eene et d&#8217;un motif en or rose pav\u00e9 de diamants.\r\n\r\nIl fait partie de la nouvelle collection <strong>&#8220;C\u00e9leste&#8221;<\/strong>.\r\n\r\nInspir\u00e9s par les maillons d&#8217;une cha\u00eene, les bijoux de la collection &#8220;C\u00e9leste&#8221; arborent une forme rectangulaire aux angles arrondis, qui refl\u00e8te les liens qui nous unissent.\r\n\r\nCes maillons, orn\u00e9s de diamants, symbolisent les relations fortes qui perdurent \u00e9voquant ainsi \u00e0 la fois l&#8217;id\u00e9e de continuit\u00e9 et d&#8217;unit\u00e9.\r\n\r\nLe rectangle, avec ses c\u00f4t\u00e9s \u00e9gaux, repr\u00e9sente la stabilit\u00e9 et la fondation solide. Dans cette collection, les c\u00f4t\u00e9s qui sont adoucis par des angles aux courbes d\u00e9licates, expriment la flexibilit\u00e9 et la douceur n\u00e9cessaires \u00e0 la cr\u00e9ation de liens v\u00e9ritables.\r\n\r\nCette pi\u00e8ce de joaillerie r\u00e9solument moderne se porte au quotidien.","protected":false},"featured_media":39675,"comment_status":"closed","ping_status":"closed","template":"","meta":{"_acf_changed":false},"product_brand":[],"product_cat":[300,306,292,653,531],"product_tag":[],"class_list":{"0":"post-39682","1":"product","2":"type-product","3":"status-publish","4":"has-post-thumbnail","6":"product_cat-bracelets-2","7":"product_cat-collection-2","8":"product_cat-jewelry","9":"product_cat-celeste-en","10":"product_cat-news","11":"pa_quelle-matiere-pink-gold-750-1000","12":"pa_quelle-matiere-white-gold-750-1000","13":"pa_quelle-matiere-yellow-gold-750-1000","15":"first","16":"onbackorder","17":"taxable","18":"shipping-taxable","19":"purchasable","20":"product-type-variable","21":"wvs-archive-product-wrapper"},"acf":[],"_links":{"self":[{"href":"https:\/\/www.vanessa-tugendhaft.com\/en\/wp-json\/wp\/v2\/product\/39682","targetHints":{"allow":["GET"]}}],"collection":[{"href":"https:\/\/www.vanessa-tugendhaft.com\/en\/wp-json\/wp\/v2\/product"}],"about":[{"href":"https:\/\/www.vanessa-tugendhaft.com\/en\/wp-json\/wp\/v2\/types\/product"}],"replies":[{"embeddable":true,"href":"https:\/\/www.vanessa-tugendhaft.com\/en\/wp-json\/wp\/v2\/comments?post=39682"}],"wp:featuredmedia":[{"embeddable":true,"href":"https:\/\/www.vanessa-tugendhaft.com\/en\/wp-json\/wp\/v2\/media\/39675"}],"wp:attachment":[{"href":"https:\/\/www.vanessa-tugendhaft.com\/en\/wp-json\/wp\/v2\/media?parent=39682"}],"wp:term":[{"taxonomy":"product_brand","embeddable":true,"href":"https:\/\/www.vanessa-tugendhaft.com\/en\/wp-json\/wp\/v2\/product_brand?post=39682"},{"taxonomy":"product_cat","embeddable":true,"href":"https:\/\/www.vanessa-tugendhaft.com\/en\/wp-json\/wp\/v2\/product_cat?post=39682"},{"taxonomy":"product_tag","embeddable":true,"href":"https:\/\/www.vanessa-tugendhaft.com\/en\/wp-json\/wp\/v2\/product_tag?post=39682"}],"curies":[{"name":"wp","href":"https:\/\/api.w.org\/{rel}","templated":true}]}}