{"id":39615,"date":"2024-06-05T12:07:36","date_gmt":"2024-06-05T10:07:36","guid":{"rendered":"https:\/\/www.vanessa-tugendhaft.com\/?post_type=product&#038;p=39615"},"modified":"2024-10-01T15:36:09","modified_gmt":"2024-10-01T13:36:09","slug":"boucles-doreilles-en-or-et-diamants-iconique","status":"publish","type":"product","link":"https:\/\/www.vanessa-tugendhaft.com\/en\/produit\/boucles-doreilles-en-or-et-diamants-iconique\/","title":{"rendered":"Earrings gold and diamonds &#8211; ICONIQUE"},"content":{"rendered":"<p>Boucles d&#8217;oreilles C\u00f4ne, or 750\/1000e, diamants HSI<br \/>\nPoids or : 2.69gr<br \/>\nPoids diamants : 0.18ct<br \/>\nLongueur du c\u00f4ne : 1cm<br \/>\nDiam\u00e8tre de la cr\u00e9ole : 1cm<br \/>\nR\u00e9f\u00e9rence : CONEGM3<\/p>\n<p>Tous nos bijoux sont accompagn\u00e9s de leur <strong>certificat d&#8217;authenticit\u00e9<\/strong> et de leur <strong>bon de garantie<\/strong>. Chaque bijou est d\u00e9licatement gliss\u00e9 dans son \u00e9crin Vanessa Tugendhaft Joaillerie.<\/p>\n","protected":false},"excerpt":{"rendered":"Les boucles d&#8217;oreilles &#8220;Iconique&#8221; se distinguent par leur motif \u00e0 la fois rock et \u00e9l\u00e9gant : le pendule.\r\n\r\nEn or, il \u00e9voque la stabilit\u00e9 et la durabilit\u00e9 dans un monde en perp\u00e9tuel changement, rappelant que m\u00eame \u00e0 travers le flux du temps, certaines choses restent \u00e9ternelles.\r\n\r\nCette pi\u00e8ce de joaillerie se compose de deux cr\u00e9oles en or rose et d&#8217;un pendentif en forme de c\u00f4ne.\r\nElles font partie de la collection <strong>&#8220;Iconique&#8221;<\/strong>.\r\n\r\nLe pendule, qui est suspendu avec gr\u00e2ce, repr\u00e9sente par son mouvement constant le renouveau et l&#8217;\u00e9nergie positive qu&#8217;il apporte.\r\nIl capte la lumi\u00e8re \u00e0 chaque mouvement, cr\u00e9ant ainsi un jeu de reflets.\r\n\r\nPorter un bijou de cette collection, c&#8217;est embrasser une philosophie de vie o\u00f9 chaque instant est une nouvelle opportunit\u00e9 de briller.","protected":false},"featured_media":39600,"comment_status":"closed","ping_status":"closed","template":"","meta":{"_acf_changed":false},"product_brand":[],"product_cat":[306,298,292,651,531],"product_tag":[],"class_list":{"0":"post-39615","1":"product","2":"type-product","3":"status-publish","4":"has-post-thumbnail","6":"product_cat-collection-2","7":"product_cat-earring","8":"product_cat-jewelry","9":"product_cat-iconique-en","10":"product_cat-news","11":"pa_quelle-matiere-pink-gold-750-1000","12":"pa_quelle-matiere-white-gold-750-1000","13":"pa_quelle-matiere-yellow-gold-750-1000","15":"first","16":"onbackorder","17":"taxable","18":"shipping-taxable","19":"purchasable","20":"product-type-variable","21":"wvs-archive-product-wrapper"},"acf":[],"_links":{"self":[{"href":"https:\/\/www.vanessa-tugendhaft.com\/en\/wp-json\/wp\/v2\/product\/39615","targetHints":{"allow":["GET"]}}],"collection":[{"href":"https:\/\/www.vanessa-tugendhaft.com\/en\/wp-json\/wp\/v2\/product"}],"about":[{"href":"https:\/\/www.vanessa-tugendhaft.com\/en\/wp-json\/wp\/v2\/types\/product"}],"replies":[{"embeddable":true,"href":"https:\/\/www.vanessa-tugendhaft.com\/en\/wp-json\/wp\/v2\/comments?post=39615"}],"wp:featuredmedia":[{"embeddable":true,"href":"https:\/\/www.vanessa-tugendhaft.com\/en\/wp-json\/wp\/v2\/media\/39600"}],"wp:attachment":[{"href":"https:\/\/www.vanessa-tugendhaft.com\/en\/wp-json\/wp\/v2\/media?parent=39615"}],"wp:term":[{"taxonomy":"product_brand","embeddable":true,"href":"https:\/\/www.vanessa-tugendhaft.com\/en\/wp-json\/wp\/v2\/product_brand?post=39615"},{"taxonomy":"product_cat","embeddable":true,"href":"https:\/\/www.vanessa-tugendhaft.com\/en\/wp-json\/wp\/v2\/product_cat?post=39615"},{"taxonomy":"product_tag","embeddable":true,"href":"https:\/\/www.vanessa-tugendhaft.com\/en\/wp-json\/wp\/v2\/product_tag?post=39615"}],"curies":[{"name":"wp","href":"https:\/\/api.w.org\/{rel}","templated":true}]}}