{"id":39591,"date":"2024-06-05T11:19:18","date_gmt":"2024-06-05T09:19:18","guid":{"rendered":"https:\/\/www.vanessa-tugendhaft.com\/?post_type=product&#038;p=39591"},"modified":"2024-07-09T17:07:23","modified_gmt":"2024-07-09T15:07:23","slug":"collier-en-or-et-diamants-grand-modele-iconique","status":"publish","type":"product","link":"https:\/\/www.vanessa-tugendhaft.com\/en\/produit\/collier-en-or-et-diamants-grand-modele-iconique\/","title":{"rendered":"Necklace gold and diamond large model &#8211; ICONIQUE"},"content":{"rendered":"<p>Collier grand mod\u00e8le Iconique, or 750\/1000e, diamants HSI<br \/>\nPoids or : 4.3gr<br \/>\nPoids diamants : 0.24ct<br \/>\nLongueur du c\u00f4ne : 1.5cm<br \/>\nLongueur ajustable \u00e0 l&#8217;aide de 5 anneaux d&#8217;attaches : 44.5cm, 45.5cm, 46.5cm, 47.5cm, 48.5cm<br \/>\nR\u00e9f\u00e9rence : CONEGM<\/p>\n<p>Tous nos bijoux sont accompagn\u00e9s de leur <strong>certificat d&#8217;authenticit\u00e9<\/strong> et de leur <strong>bon de garantie<\/strong>. Chaque bijou est d\u00e9licatement gliss\u00e9 dans son \u00e9crin Vanessa Tugendhaft Joaillerie.<\/p>\n","protected":false},"excerpt":{"rendered":"Le collier &#8220;Iconique&#8221; se distingue par son motif \u00e0 la fois rock et \u00e9l\u00e9gant : le pendule.\r\nEn or, il \u00e9voque la stabilit\u00e9 et la durabilit\u00e9 dans un monde en perp\u00e9tuel changement, rappelant que m\u00eame \u00e0 travers le flux du temps, certaines choses restent \u00e9ternelles.\r\n\r\nCette pi\u00e8ce de joaillerie se compose d&#8217;une cha\u00eenette en or et d&#8217;un pendentif en forme de c\u00f4ne.\r\nIl fait partie de la collection <strong>&#8220;Iconique&#8221;<\/strong>.\r\n\r\nLe pendule, qui est suspendu avec gr\u00e2ce, repr\u00e9sente par son mouvement constant le renouveau et l&#8217;\u00e9nergie positive qu&#8217;il apporte.\r\nIl capte la lumi\u00e8re \u00e0 chaque mouvement, cr\u00e9ant ainsi un jeu de reflets.\r\n\r\nPorter un bijou de cette collection, c&#8217;est embrasser une philosophie de vie o\u00f9 chaque instant est une nouvelle opportunit\u00e9 de briller.","protected":false},"featured_media":39578,"comment_status":"closed","ping_status":"closed","template":"","meta":{"_acf_changed":false},"product_brand":[],"product_cat":[306,292,304,651,531],"product_tag":[],"class_list":{"0":"post-39591","1":"product","2":"type-product","3":"status-publish","4":"has-post-thumbnail","6":"product_cat-collection-2","7":"product_cat-jewelry","8":"product_cat-necklaces","9":"product_cat-iconique-en","10":"product_cat-news","11":"pa_quelle-matiere-pink-gold-750-1000","12":"pa_quelle-matiere-white-gold-750-1000","13":"pa_quelle-matiere-yellow-gold-750-1000","15":"first","16":"instock","17":"taxable","18":"shipping-taxable","19":"purchasable","20":"product-type-variable","21":"wvs-archive-product-wrapper"},"acf":[],"_links":{"self":[{"href":"https:\/\/www.vanessa-tugendhaft.com\/en\/wp-json\/wp\/v2\/product\/39591","targetHints":{"allow":["GET"]}}],"collection":[{"href":"https:\/\/www.vanessa-tugendhaft.com\/en\/wp-json\/wp\/v2\/product"}],"about":[{"href":"https:\/\/www.vanessa-tugendhaft.com\/en\/wp-json\/wp\/v2\/types\/product"}],"replies":[{"embeddable":true,"href":"https:\/\/www.vanessa-tugendhaft.com\/en\/wp-json\/wp\/v2\/comments?post=39591"}],"wp:featuredmedia":[{"embeddable":true,"href":"https:\/\/www.vanessa-tugendhaft.com\/en\/wp-json\/wp\/v2\/media\/39578"}],"wp:attachment":[{"href":"https:\/\/www.vanessa-tugendhaft.com\/en\/wp-json\/wp\/v2\/media?parent=39591"}],"wp:term":[{"taxonomy":"product_brand","embeddable":true,"href":"https:\/\/www.vanessa-tugendhaft.com\/en\/wp-json\/wp\/v2\/product_brand?post=39591"},{"taxonomy":"product_cat","embeddable":true,"href":"https:\/\/www.vanessa-tugendhaft.com\/en\/wp-json\/wp\/v2\/product_cat?post=39591"},{"taxonomy":"product_tag","embeddable":true,"href":"https:\/\/www.vanessa-tugendhaft.com\/en\/wp-json\/wp\/v2\/product_tag?post=39591"}],"curies":[{"name":"wp","href":"https:\/\/api.w.org\/{rel}","templated":true}]}}