{"id":39456,"date":"2024-06-05T10:12:32","date_gmt":"2024-06-05T08:12:32","guid":{"rendered":"https:\/\/www.vanessa-tugendhaft.com\/?post_type=product&#038;p=39456"},"modified":"2025-11-28T23:44:24","modified_gmt":"2025-11-28T22:44:24","slug":"bague-en-or-et-diamants-union","status":"publish","type":"product","link":"https:\/\/www.vanessa-tugendhaft.com\/en\/produit\/bague-en-or-et-diamants-union\/","title":{"rendered":"Ring gold and diamond &#8211; UNION"},"content":{"rendered":"<p>Bague Union, or 750\/1000e, diamants HSI<br \/>\nPoids or : 1.57gr<br \/>\nPoids diamants : 012ct<br \/>\nLongueur du motif :<br \/>\nLargeur du motif :<br \/>\nR\u00e9f\u00e9rence : UNIONB<\/p>\n<p>Tous nos bijoux sont accompagn\u00e9s de leur <strong>certificat d&#8217;authenticit\u00e9<\/strong> et de leur <strong>bon de garantie<\/strong>. Chaque bijou est d\u00e9licatement gliss\u00e9 dans son \u00e9crin Vanessa Tugendhaft Joaillerie.<\/p>\n","protected":false},"excerpt":{"rendered":"Gold and diamond ring with a sleek and elegant pattern.\r\n\r\nThis contemporary style jewel symbolizes a strong and unique bond.\r\n\r\nThis ring consists of a gold pattern paved with diamonds.\r\n\r\nIt is part of the new <strong>&#8220;Union&#8221;<\/strong> collection.\r\n\r\nInspired by the links of a chain, the jewels of the &#8220;Union&#8221; collection have a rectangular shape with rounded corners that reflects the bonds that unite us.\r\n\r\nThese links, adorned with diamonds, symbolize the strong relationships that continue to evoke both the idea of continuity and unity.\r\n\r\nThe rectangle, with its equal sides, represents stability and solidity. This collection, with its delicate curves and smooth angles, express the flexibility and softness, two essential components to create a real bond.\r\n\r\nA resolutely modern piece of jewelry to be worn daily.","protected":false},"featured_media":39407,"comment_status":"closed","ping_status":"closed","template":"","meta":{"_acf_changed":false},"product_brand":[],"product_cat":[306,292,296,531,649],"product_tag":[],"class_list":{"0":"post-39456","1":"product","2":"type-product","3":"status-publish","4":"has-post-thumbnail","6":"product_cat-collection-2","7":"product_cat-jewelry","8":"product_cat-rings","9":"product_cat-news","10":"product_cat-union-en","11":"pa_quelle-matiere-pink-gold-750-1000","12":"pa_quelle-matiere-white-gold-750-1000","13":"pa_quelle-matiere-yellow-gold-750-1000","14":"pa_taille-44-en","15":"pa_taille-45-en","16":"pa_taille-46-en","17":"pa_taille-47-en","18":"pa_taille-48-en","19":"pa_taille-49-en","20":"pa_taille-50-en","21":"pa_taille-51-en","22":"pa_taille-52-en","23":"pa_taille-53-en","24":"pa_taille-54-en","25":"pa_taille-55-en","26":"pa_taille-56-en","27":"pa_taille-57-en","28":"pa_taille-58-en","30":"first","31":"onbackorder","32":"taxable","33":"shipping-taxable","34":"purchasable","35":"product-type-variable","36":"wvs-archive-product-wrapper"},"acf":[],"_links":{"self":[{"href":"https:\/\/www.vanessa-tugendhaft.com\/en\/wp-json\/wp\/v2\/product\/39456","targetHints":{"allow":["GET"]}}],"collection":[{"href":"https:\/\/www.vanessa-tugendhaft.com\/en\/wp-json\/wp\/v2\/product"}],"about":[{"href":"https:\/\/www.vanessa-tugendhaft.com\/en\/wp-json\/wp\/v2\/types\/product"}],"replies":[{"embeddable":true,"href":"https:\/\/www.vanessa-tugendhaft.com\/en\/wp-json\/wp\/v2\/comments?post=39456"}],"wp:featuredmedia":[{"embeddable":true,"href":"https:\/\/www.vanessa-tugendhaft.com\/en\/wp-json\/wp\/v2\/media\/39407"}],"wp:attachment":[{"href":"https:\/\/www.vanessa-tugendhaft.com\/en\/wp-json\/wp\/v2\/media?parent=39456"}],"wp:term":[{"taxonomy":"product_brand","embeddable":true,"href":"https:\/\/www.vanessa-tugendhaft.com\/en\/wp-json\/wp\/v2\/product_brand?post=39456"},{"taxonomy":"product_cat","embeddable":true,"href":"https:\/\/www.vanessa-tugendhaft.com\/en\/wp-json\/wp\/v2\/product_cat?post=39456"},{"taxonomy":"product_tag","embeddable":true,"href":"https:\/\/www.vanessa-tugendhaft.com\/en\/wp-json\/wp\/v2\/product_tag?post=39456"}],"curies":[{"name":"wp","href":"https:\/\/api.w.org\/{rel}","templated":true}]}}